{"id":1564,"date":"2023-12-19T22:28:11","date_gmt":"2023-12-20T01:28:11","guid":{"rendered":"https:\/\/tmconstante.com\/?page_id=1564"},"modified":"2023-12-31T22:13:18","modified_gmt":"2024-01-01T01:13:18","slug":"precos","status":"publish","type":"page","link":"https:\/\/tmconstante.com\/index.php\/precos\/","title":{"rendered":"Pre\u00e7os"},"content":{"rendered":"\n<p>O Rousebot \u00e9 um rob\u00f4 avan\u00e7ado que utiliza intelig\u00eancia artificial para analisar padr\u00f5es no mercado financeiro, focando em ativos negociados na B3. Especializado na opera\u00e7\u00e3o de contratos de mini \u00edndice e ativos sint\u00e9ticos vinculados a este \u00edndice, o Rousebot emprega o sofisticado algoritmo Random Forest para identificar os momentos ideais de entrada, sa\u00edda e manuten\u00e7\u00e3o de posi\u00e7\u00f5es.<\/p>\n\n\n\n<p>Projetado tanto para Day Trade quanto para Swing Trade, o Rousebot maximiza as oportunidades no mercado, aproveitando seu vasto potencial. Ele \u00e9 totalmente configur\u00e1vel, permitindo ajustes desde a defini\u00e7\u00e3o do take profit at\u00e9 os stops loss, incluindo ainda a funcionalidade de trailing stop para otimizar os resultados.<\/p>\n\n\n\n<p>Para saber mais sobre essa ferramenta inovadora ou para iniciar sua conta, entre em contato conosco. Descubra como o Rousebot pode transformar sua experi\u00eancia de investimento no mercado financeiro.<\/p>\n\n\n\n<div class=\"wp-block-group is-layout-constrained\"><div class=\"wp-block-group__inner-container\">\n<div class=\"wp-block-columns alignwide is-layout-flex wp-container-7\" style=\"margin-bottom:0\">\n<div class=\"wp-block-column has-text-color has-background has-link-color wp-elements-4726d97a157bd324feaab78d47b63276 is-layout-flow\" style=\"color:#000000;background-color:#ffe97d;padding-top:2em;padding-right:2em;padding-bottom:2em;padding-left:2em\">\n<h2 class=\"wp-block-heading\" id=\"single\" style=\"font-size:40px\"><strong>Ouro<\/strong><\/h2>\n\n\n\n<p class=\"has-normal-font-size\" style=\"line-height:1.5\"><strong>Assinatura Semestral<\/strong><\/p>\n\n\n\n<hr class=\"wp-block-separator has-text-color has-css-opacity has-background is-style-wide\" style=\"background-color:#000000;color:#000000\"\/>\n\n\n\n<ul class=\"has-normal-font-size\">\n<li>Atualiza\u00e7\u00f5es semanais<\/li>\n\n\n\n<li>3 contas Metatrader<\/li>\n\n\n\n<li>B3 e sinteticos<\/li>\n<\/ul>\n\n\n\n<div class=\"wp-block-buttons alignfull is-horizontal is-content-justification-center is-layout-flex wp-container-1\">\n<div class=\"wp-block-button has-custom-width wp-block-button__width-100\"><a class=\"wp-block-button__link has-white-color has-text-color has-background no-border-radius wp-element-button\" href=\"https:\/\/tmconstante.com\/wp-admin\/cad_rouse\/\" style=\"background-color:#000000\" target=\"_blank\" rel=\"noreferrer noopener\">R$ 2300,00<\/a><\/div>\n<\/div>\n<\/div>\n\n\n\n<div class=\"wp-block-column has-text-color has-background has-link-color wp-elements-7b7df4333af21be7710af0dd981caac2 is-layout-flow\" style=\"color:#000000;background-color:#d1d1e1;padding-top:2em;padding-right:2em;padding-bottom:2em;padding-left:2em\">\n<h2 class=\"wp-block-heading\" id=\"family\" style=\"font-size:40px\"><strong>Prata<\/strong><\/h2>\n\n\n\n<p class=\"has-normal-font-size\" style=\"line-height:1.5\"><strong>Assinatura Trimestral<\/strong><\/p>\n\n\n\n<hr class=\"wp-block-separator has-css-opacity is-style-wide\"\/>\n\n\n\n<ul class=\"has-normal-font-size\">\n<li>Atualiza\u00e7\u00f5es semanais<\/li>\n\n\n\n<li>2 contas Metatrader<\/li>\n\n\n\n<li>B3 e sinteticos<\/li>\n<\/ul>\n\n\n\n<div class=\"wp-block-buttons alignfull is-horizontal is-content-justification-center is-layout-flex wp-container-3\">\n<div class=\"wp-block-button has-custom-width wp-block-button__width-100 is-style-fill\"><a class=\"wp-block-button__link has-white-color has-text-color has-background no-border-radius wp-element-button\" href=\"https:\/\/tmconstante.com\/wp-admin\/cad_rouse\/\" style=\"background-color:#000000\" target=\"_blank\" rel=\"noreferrer noopener\">R$ 1300,00<\/a><\/div>\n<\/div>\n<\/div>\n\n\n\n<div class=\"wp-block-column has-text-color has-background has-link-color wp-elements-79ae374816d4e9eb7335e4b5b40302ce is-layout-flow\" style=\"color:#000000;background-color:#c0ebf1;padding-top:2em;padding-right:2em;padding-bottom:2em;padding-left:2em\">\n<h2 class=\"wp-block-heading\" id=\"patron\" style=\"font-size:40px\"><strong>Bronze<\/strong><\/h2>\n\n\n\n<p class=\"has-normal-font-size\"><strong>Assinatura Mensal<\/strong><\/p>\n\n\n\n<hr class=\"wp-block-separator has-css-opacity is-style-wide\"\/>\n\n\n\n<ul class=\"has-normal-font-size\">\n<li>Atualiza\u00e7\u00f5es semanais<\/li>\n\n\n\n<li>1 contas Metatrader<\/li>\n\n\n\n<li>B3<\/li>\n<\/ul>\n\n\n\n<div class=\"wp-block-buttons alignfull is-horizontal is-content-justification-center is-layout-flex wp-container-5\">\n<div class=\"wp-block-button has-custom-width wp-block-button__width-100\"><a class=\"wp-block-button__link has-white-color has-text-color has-background no-border-radius wp-element-button\" href=\"https:\/\/tmconstante.com\/wp-admin\/cad_rouse\/\" style=\"background-color:#000000\" target=\"_blank\" rel=\"noreferrer noopener\">R$ 499,90<\/a><\/div>\n<\/div>\n<\/div>\n<\/div>\n<\/div><\/div>\n","protected":false},"excerpt":{"rendered":"<p>O Rousebot \u00e9 um rob\u00f4 avan\u00e7ado que utiliza intelig\u00eancia artificial para analisar padr\u00f5es no mercado financeiro, focando em ativos negociados na B3. Especializado na opera\u00e7\u00e3o de contratos de mini \u00edndice &#8230;<\/p>\n","protected":false},"author":1,"featured_media":0,"parent":0,"menu_order":0,"comment_status":"closed","ping_status":"closed","template":"","meta":{"om_disable_all_campaigns":false,"_eb_attr":"","_monsterinsights_skip_tracking":false,"_monsterinsights_sitenote_active":false,"_monsterinsights_sitenote_note":"","_monsterinsights_sitenote_category":0},"aioseo_notices":[],"_links":{"self":[{"href":"https:\/\/tmconstante.com\/index.php\/wp-json\/wp\/v2\/pages\/1564"}],"collection":[{"href":"https:\/\/tmconstante.com\/index.php\/wp-json\/wp\/v2\/pages"}],"about":[{"href":"https:\/\/tmconstante.com\/index.php\/wp-json\/wp\/v2\/types\/page"}],"author":[{"embeddable":true,"href":"https:\/\/tmconstante.com\/index.php\/wp-json\/wp\/v2\/users\/1"}],"replies":[{"embeddable":true,"href":"https:\/\/tmconstante.com\/index.php\/wp-json\/wp\/v2\/comments?post=1564"}],"version-history":[{"count":12,"href":"https:\/\/tmconstante.com\/index.php\/wp-json\/wp\/v2\/pages\/1564\/revisions"}],"predecessor-version":[{"id":1594,"href":"https:\/\/tmconstante.com\/index.php\/wp-json\/wp\/v2\/pages\/1564\/revisions\/1594"}],"wp:attachment":[{"href":"https:\/\/tmconstante.com\/index.php\/wp-json\/wp\/v2\/media?parent=1564"}],"curies":[{"name":"wp","href":"https:\/\/api.w.org\/{rel}","templated":true}]}}